{"id":987,"date":"2022-10-07T15:23:26","date_gmt":"2022-10-07T13:23:26","guid":{"rendered":"https:\/\/dlucik.pl\/?page_id=987"},"modified":"2022-10-11T17:19:43","modified_gmt":"2022-10-11T15:19:43","slug":"contact","status":"publish","type":"page","link":"https:\/\/dluciktemp.fondo.work\/en\/contact\/","title":{"rendered":"Contact"},"content":{"rendered":"\n<div class=\"wp-block-columns is-layout-flex wp-container-core-columns-is-layout-9d6595d7 wp-block-columns-is-layout-flex\">\n<div class=\"wp-block-column is-layout-flow wp-block-column-is-layout-flow\" style=\"flex-basis:33.33%\">\n<p><strong>D\u0142ucik Dental Clinic<\/strong><\/p>\n\n\n\n<p>40-737 Katowice<br>ul. Ma\u0142opolska 1<\/p>\n\n\n\n<p>Phone: <a href=\"tel:+48577255065\">577 255 065<\/a> -registration<\/p>\n\n\n\n<p>Phone: <a href=\"tel:+48322526510\">32 252 65 10<\/a><br>E-mail:&nbsp;<a href=\"https:\/\/dluciktemp.fondo.work\/en\/contact\/dlucik@dlucik.pl\">dlucik@dlucik.pl<br><\/a><br>We\u2019re open from Monday to Friday<br>From: 9.00 \u2013 13.00<br>and 17.00 \u2013 21.00<\/p>\n\n\n\n<p>Please send all advertising offers to:&nbsp;<a href=\"mailto:press@dlucik.pl\" target=\"_blank\" rel=\"noreferrer noopener\">press@dlucik.pl<\/a><\/p>\n\n\n\n<figure class=\"wp-block-image size-full\"><a href=\"https:\/\/online.mediraty.pl\/?klinikain=4738\"><img loading=\"lazy\" decoding=\"async\" width=\"365\" height=\"138\" src=\"https:\/\/dluciktemp.fondo.work\/wp-content\/uploads\/2022\/08\/mediraty.png\" alt=\"\" class=\"wp-image-489\" srcset=\"https:\/\/dluciktemp.fondo.work\/wp-content\/uploads\/2022\/08\/mediraty.png 365w, https:\/\/dluciktemp.fondo.work\/wp-content\/uploads\/2022\/08\/mediraty-300x113.png 300w\" sizes=\"auto, (max-width: 365px) 100vw, 365px\" \/><\/a><\/figure>\n<\/div>\n\n\n\n<div class=\"wp-block-column is-layout-flow wp-block-column-is-layout-flow\" style=\"flex-basis:66.66%\">\n<div class=\"wp-block-contact-form-7-contact-form-selector\">\n<div class=\"wpcf7 no-js\" id=\"wpcf7-f1452-o1\" lang=\"pl-PL\" dir=\"ltr\" data-wpcf7-id=\"1452\">\n<div class=\"screen-reader-response\"><p role=\"status\" aria-live=\"polite\" aria-atomic=\"true\"><\/p> <ul><\/ul><\/div>\n<form action=\"\/en\/wp-json\/wp\/v2\/pages\/987#wpcf7-f1452-o1\" method=\"post\" class=\"wpcf7-form init\" aria-label=\"Formularz kontaktowy\" novalidate=\"novalidate\" data-status=\"init\">\n<fieldset class=\"hidden-fields-container\"><input type=\"hidden\" name=\"_wpcf7\" value=\"1452\" \/><input type=\"hidden\" name=\"_wpcf7_version\" value=\"6.1.4\" \/><input type=\"hidden\" name=\"_wpcf7_locale\" value=\"pl_PL\" \/><input type=\"hidden\" name=\"_wpcf7_unit_tag\" value=\"wpcf7-f1452-o1\" \/><input type=\"hidden\" name=\"_wpcf7_container_post\" value=\"0\" \/><input type=\"hidden\" name=\"_wpcf7_posted_data_hash\" value=\"\" \/>\n<\/fieldset>\n<style>.wpm_hp { display:none!important; opacity:0; position:absolute; top:0; left:0; height:0; width:0; z-index:-1; }<\/style>\r\n<input name=\"confirm_email\" type=\"email\" class=\"wpcf7-form-control wpcf7-email wpm_hp\" autocomplete=\"off\" placeholder=\"Confirm your Email\">\r\n<input name=\"url\" type=\"text\" class=\"wpcf7-form-control wpcf7-text wpm_hp\" autocomplete=\"off\">\r\n<div class=\"fields\">\n  <label class=\"field\"> <span class=\"label\">Your name <span class=\"required\">*<\/span><\/span>\n    <span class=\"wpcf7-form-control-wrap\" data-name=\"your-name\"><input size=\"40\" maxlength=\"400\" class=\"wpcf7-form-control wpcf7-text wpcf7-validates-as-required\" aria-required=\"true\" aria-invalid=\"false\" value=\"\" type=\"text\" name=\"your-name\" \/><\/span> <\/label>\n\n  <label class=\"field\"> <span class=\"label\">Your e-mail <span class=\"required\">*<\/span><\/span>\n    <span class=\"wpcf7-form-control-wrap\" data-name=\"your-email\"><input size=\"40\" maxlength=\"400\" class=\"wpcf7-form-control wpcf7-email wpcf7-validates-as-required wpcf7-text wpcf7-validates-as-email\" aria-required=\"true\" aria-invalid=\"false\" value=\"\" type=\"email\" name=\"your-email\" \/><\/span> <\/label>\n\n  <label class=\"field\"> <span class=\"label\">Subject <span class=\"required\">*<\/span><\/span>\n    <span class=\"wpcf7-form-control-wrap\" data-name=\"your-subject\"><input size=\"40\" maxlength=\"400\" class=\"wpcf7-form-control wpcf7-text wpcf7-validates-as-required\" aria-required=\"true\" aria-invalid=\"false\" value=\"\" type=\"text\" name=\"your-subject\" \/><\/span> <\/label>\n\n  <label class=\"field\"> <span class=\"label\">Your message <span class=\"required\">*<\/span><\/span>\n    <span class=\"wpcf7-form-control-wrap\" data-name=\"your-message\"><textarea cols=\"40\" rows=\"10\" maxlength=\"2000\" class=\"wpcf7-form-control wpcf7-textarea wpcf7-validates-as-required\" aria-required=\"true\" aria-invalid=\"false\" name=\"your-message\"><\/textarea><\/span> <\/label>\n\n  <div class=\"field field--submit\">\n    <input class=\"wpcf7-form-control wpcf7-submit has-spinner\" type=\"submit\" value=\"Send\" \/> <\/div>\n<\/div><div class=\"wpcf7-response-output\" aria-hidden=\"true\"><\/div>\n<\/form>\n<\/div>\n<\/div>\n\n\n\n<figure class=\"wp-block-image size-full\"><img loading=\"lazy\" decoding=\"async\" width=\"917\" height=\"884\" src=\"https:\/\/dluciktemp.fondo.work\/wp-content\/uploads\/2022\/08\/dentysta-katowice-dlucik-dental-clinic-dojazd.jpg\" alt=\"\" class=\"wp-image-490\" srcset=\"https:\/\/dluciktemp.fondo.work\/wp-content\/uploads\/2022\/08\/dentysta-katowice-dlucik-dental-clinic-dojazd.jpg 917w, https:\/\/dluciktemp.fondo.work\/wp-content\/uploads\/2022\/08\/dentysta-katowice-dlucik-dental-clinic-dojazd-300x289.jpg 300w, https:\/\/dluciktemp.fondo.work\/wp-content\/uploads\/2022\/08\/dentysta-katowice-dlucik-dental-clinic-dojazd-768x740.jpg 768w\" sizes=\"auto, (max-width: 917px) 100vw, 917px\" \/><\/figure>\n<\/div>\n<\/div>\n","protected":false},"excerpt":{"rendered":"<p>D\u0142ucik Dental Clinic 40-737 Katowiceul. Ma\u0142opolska 1 Phone: 577 255 065 -registration Phone: 32 252 65 10E-mail:&nbsp;dlucik@dlucik.plWe\u2019re open from Monday to FridayFrom: 9.00 \u2013 13.00and 17.00 \u2013 21.00 Please send all advertising offers to:&nbsp;press@dlucik.pl<\/p>\n","protected":false},"author":1,"featured_media":0,"parent":0,"menu_order":0,"comment_status":"closed","ping_status":"closed","template":"","meta":{"_acf_changed":false,"footnotes":""},"class_list":["post-987","page","type-page","status-publish","hentry"],"acf":[],"yoast_head":"<!-- This site is optimized with the Yoast SEO plugin v26.6 - https:\/\/yoast.com\/wordpress\/plugins\/seo\/ -->\n<title>Contact &#8211; D\u0142ucik Dental Clinic<\/title>\n<meta name=\"robots\" content=\"index, follow, max-snippet:-1, max-image-preview:large, max-video-preview:-1\" \/>\n<link rel=\"canonical\" href=\"https:\/\/dluciktemp.fondo.work\/en\/contact\/\" \/>\n<meta property=\"og:locale\" content=\"en_US\" \/>\n<meta property=\"og:type\" content=\"article\" \/>\n<meta property=\"og:title\" content=\"Contact &#8211; D\u0142ucik Dental Clinic\" \/>\n<meta property=\"og:description\" content=\"D\u0142ucik Dental Clinic 40-737 Katowiceul. Ma\u0142opolska 1 Phone: 577 255 065 -registration Phone: 32 252 65 10E-mail:&nbsp;dlucik@dlucik.plWe\u2019re open from Monday to FridayFrom: 9.00 \u2013 13.00and 17.00 \u2013 21.00 Please send all advertising offers to:&nbsp;press@dlucik.pl\" \/>\n<meta property=\"og:url\" content=\"https:\/\/dluciktemp.fondo.work\/en\/contact\/\" \/>\n<meta property=\"og:site_name\" content=\"D\u0142ucik Dental Clinic\" \/>\n<meta property=\"article:publisher\" content=\"https:\/\/facebook.com\/Ducik-Dental-Clinic-217986868256939\/\" \/>\n<meta property=\"article:modified_time\" content=\"2022-10-11T15:19:43+00:00\" \/>\n<meta property=\"og:image\" content=\"https:\/\/dluciktemp.fondo.work\/wp-content\/uploads\/2022\/08\/mediraty.png\" \/>\n<meta name=\"twitter:card\" content=\"summary_large_image\" \/>\n<meta name=\"twitter:label1\" content=\"Est. reading time\" \/>\n\t<meta name=\"twitter:data1\" content=\"1 minute\" \/>\n<script type=\"application\/ld+json\" class=\"yoast-schema-graph\">{\"@context\":\"https:\/\/schema.org\",\"@graph\":[{\"@type\":\"WebPage\",\"@id\":\"https:\/\/dluciktemp.fondo.work\/en\/contact\/\",\"url\":\"https:\/\/dluciktemp.fondo.work\/en\/contact\/\",\"name\":\"Contact &#8211; D\u0142ucik Dental Clinic\",\"isPartOf\":{\"@id\":\"https:\/\/dluciktemp.fondo.work\/en\/#website\"},\"primaryImageOfPage\":{\"@id\":\"https:\/\/dluciktemp.fondo.work\/en\/contact\/#primaryimage\"},\"image\":{\"@id\":\"https:\/\/dluciktemp.fondo.work\/en\/contact\/#primaryimage\"},\"thumbnailUrl\":\"https:\/\/dluciktemp.fondo.work\/wp-content\/uploads\/2022\/08\/mediraty.png\",\"datePublished\":\"2022-10-07T13:23:26+00:00\",\"dateModified\":\"2022-10-11T15:19:43+00:00\",\"breadcrumb\":{\"@id\":\"https:\/\/dluciktemp.fondo.work\/en\/contact\/#breadcrumb\"},\"inLanguage\":\"en-US\",\"potentialAction\":[{\"@type\":\"ReadAction\",\"target\":[\"https:\/\/dluciktemp.fondo.work\/en\/contact\/\"]}]},{\"@type\":\"ImageObject\",\"inLanguage\":\"en-US\",\"@id\":\"https:\/\/dluciktemp.fondo.work\/en\/contact\/#primaryimage\",\"url\":\"https:\/\/dluciktemp.fondo.work\/wp-content\/uploads\/2022\/08\/mediraty.png\",\"contentUrl\":\"https:\/\/dluciktemp.fondo.work\/wp-content\/uploads\/2022\/08\/mediraty.png\"},{\"@type\":\"BreadcrumbList\",\"@id\":\"https:\/\/dluciktemp.fondo.work\/en\/contact\/#breadcrumb\",\"itemListElement\":[{\"@type\":\"ListItem\",\"position\":1,\"name\":\"Start\",\"item\":\"https:\/\/dluciktemp.fondo.work\/en\/\"},{\"@type\":\"ListItem\",\"position\":2,\"name\":\"Contact\"}]},{\"@type\":\"WebSite\",\"@id\":\"https:\/\/dluciktemp.fondo.work\/en\/#website\",\"url\":\"https:\/\/dluciktemp.fondo.work\/en\/\",\"name\":\"D\u0142ucik Dental Clinic\",\"description\":\"Chirurg Stomatolog, Dentysta Katowice\",\"publisher\":{\"@id\":\"https:\/\/dluciktemp.fondo.work\/en\/#organization\"},\"potentialAction\":[{\"@type\":\"SearchAction\",\"target\":{\"@type\":\"EntryPoint\",\"urlTemplate\":\"https:\/\/dluciktemp.fondo.work\/en\/?s={search_term_string}\"},\"query-input\":{\"@type\":\"PropertyValueSpecification\",\"valueRequired\":true,\"valueName\":\"search_term_string\"}}],\"inLanguage\":\"en-US\"},{\"@type\":\"Organization\",\"@id\":\"https:\/\/dluciktemp.fondo.work\/en\/#organization\",\"name\":\"D\u0142ucik Dental Clinic\",\"url\":\"https:\/\/dluciktemp.fondo.work\/en\/\",\"logo\":{\"@type\":\"ImageObject\",\"inLanguage\":\"en-US\",\"@id\":\"https:\/\/dluciktemp.fondo.work\/en\/#\/schema\/logo\/image\/\",\"url\":\"https:\/\/dluciktemp.fondo.work\/wp-content\/uploads\/2022\/10\/logo-dlucik.png\",\"contentUrl\":\"https:\/\/dluciktemp.fondo.work\/wp-content\/uploads\/2022\/10\/logo-dlucik.png\",\"width\":83,\"height\":83,\"caption\":\"D\u0142ucik Dental Clinic\"},\"image\":{\"@id\":\"https:\/\/dluciktemp.fondo.work\/en\/#\/schema\/logo\/image\/\"},\"sameAs\":[\"https:\/\/facebook.com\/Ducik-Dental-Clinic-217986868256939\/\"]}]}<\/script>\n<!-- \/ Yoast SEO plugin. -->","yoast_head_json":{"title":"Contact &#8211; D\u0142ucik Dental Clinic","robots":{"index":"index","follow":"follow","max-snippet":"max-snippet:-1","max-image-preview":"max-image-preview:large","max-video-preview":"max-video-preview:-1"},"canonical":"https:\/\/dluciktemp.fondo.work\/en\/contact\/","og_locale":"en_US","og_type":"article","og_title":"Contact &#8211; D\u0142ucik Dental Clinic","og_description":"D\u0142ucik Dental Clinic 40-737 Katowiceul. Ma\u0142opolska 1 Phone: 577 255 065 -registration Phone: 32 252 65 10E-mail:&nbsp;dlucik@dlucik.plWe\u2019re open from Monday to FridayFrom: 9.00 \u2013 13.00and 17.00 \u2013 21.00 Please send all advertising offers to:&nbsp;press@dlucik.pl","og_url":"https:\/\/dluciktemp.fondo.work\/en\/contact\/","og_site_name":"D\u0142ucik Dental Clinic","article_publisher":"https:\/\/facebook.com\/Ducik-Dental-Clinic-217986868256939\/","article_modified_time":"2022-10-11T15:19:43+00:00","og_image":[{"url":"https:\/\/dluciktemp.fondo.work\/wp-content\/uploads\/2022\/08\/mediraty.png","type":"","width":"","height":""}],"twitter_card":"summary_large_image","twitter_misc":{"Est. reading time":"1 minute"},"schema":{"@context":"https:\/\/schema.org","@graph":[{"@type":"WebPage","@id":"https:\/\/dluciktemp.fondo.work\/en\/contact\/","url":"https:\/\/dluciktemp.fondo.work\/en\/contact\/","name":"Contact &#8211; D\u0142ucik Dental Clinic","isPartOf":{"@id":"https:\/\/dluciktemp.fondo.work\/en\/#website"},"primaryImageOfPage":{"@id":"https:\/\/dluciktemp.fondo.work\/en\/contact\/#primaryimage"},"image":{"@id":"https:\/\/dluciktemp.fondo.work\/en\/contact\/#primaryimage"},"thumbnailUrl":"https:\/\/dluciktemp.fondo.work\/wp-content\/uploads\/2022\/08\/mediraty.png","datePublished":"2022-10-07T13:23:26+00:00","dateModified":"2022-10-11T15:19:43+00:00","breadcrumb":{"@id":"https:\/\/dluciktemp.fondo.work\/en\/contact\/#breadcrumb"},"inLanguage":"en-US","potentialAction":[{"@type":"ReadAction","target":["https:\/\/dluciktemp.fondo.work\/en\/contact\/"]}]},{"@type":"ImageObject","inLanguage":"en-US","@id":"https:\/\/dluciktemp.fondo.work\/en\/contact\/#primaryimage","url":"https:\/\/dluciktemp.fondo.work\/wp-content\/uploads\/2022\/08\/mediraty.png","contentUrl":"https:\/\/dluciktemp.fondo.work\/wp-content\/uploads\/2022\/08\/mediraty.png"},{"@type":"BreadcrumbList","@id":"https:\/\/dluciktemp.fondo.work\/en\/contact\/#breadcrumb","itemListElement":[{"@type":"ListItem","position":1,"name":"Start","item":"https:\/\/dluciktemp.fondo.work\/en\/"},{"@type":"ListItem","position":2,"name":"Contact"}]},{"@type":"WebSite","@id":"https:\/\/dluciktemp.fondo.work\/en\/#website","url":"https:\/\/dluciktemp.fondo.work\/en\/","name":"D\u0142ucik Dental Clinic","description":"Chirurg Stomatolog, Dentysta Katowice","publisher":{"@id":"https:\/\/dluciktemp.fondo.work\/en\/#organization"},"potentialAction":[{"@type":"SearchAction","target":{"@type":"EntryPoint","urlTemplate":"https:\/\/dluciktemp.fondo.work\/en\/?s={search_term_string}"},"query-input":{"@type":"PropertyValueSpecification","valueRequired":true,"valueName":"search_term_string"}}],"inLanguage":"en-US"},{"@type":"Organization","@id":"https:\/\/dluciktemp.fondo.work\/en\/#organization","name":"D\u0142ucik Dental Clinic","url":"https:\/\/dluciktemp.fondo.work\/en\/","logo":{"@type":"ImageObject","inLanguage":"en-US","@id":"https:\/\/dluciktemp.fondo.work\/en\/#\/schema\/logo\/image\/","url":"https:\/\/dluciktemp.fondo.work\/wp-content\/uploads\/2022\/10\/logo-dlucik.png","contentUrl":"https:\/\/dluciktemp.fondo.work\/wp-content\/uploads\/2022\/10\/logo-dlucik.png","width":83,"height":83,"caption":"D\u0142ucik Dental Clinic"},"image":{"@id":"https:\/\/dluciktemp.fondo.work\/en\/#\/schema\/logo\/image\/"},"sameAs":["https:\/\/facebook.com\/Ducik-Dental-Clinic-217986868256939\/"]}]}},"_links":{"self":[{"href":"https:\/\/dluciktemp.fondo.work\/en\/wp-json\/wp\/v2\/pages\/987","targetHints":{"allow":["GET"]}}],"collection":[{"href":"https:\/\/dluciktemp.fondo.work\/en\/wp-json\/wp\/v2\/pages"}],"about":[{"href":"https:\/\/dluciktemp.fondo.work\/en\/wp-json\/wp\/v2\/types\/page"}],"author":[{"embeddable":true,"href":"https:\/\/dluciktemp.fondo.work\/en\/wp-json\/wp\/v2\/users\/1"}],"replies":[{"embeddable":true,"href":"https:\/\/dluciktemp.fondo.work\/en\/wp-json\/wp\/v2\/comments?post=987"}],"version-history":[{"count":4,"href":"https:\/\/dluciktemp.fondo.work\/en\/wp-json\/wp\/v2\/pages\/987\/revisions"}],"predecessor-version":[{"id":1453,"href":"https:\/\/dluciktemp.fondo.work\/en\/wp-json\/wp\/v2\/pages\/987\/revisions\/1453"}],"wp:attachment":[{"href":"https:\/\/dluciktemp.fondo.work\/en\/wp-json\/wp\/v2\/media?parent=987"}],"curies":[{"name":"wp","href":"https:\/\/api.w.org\/{rel}","templated":true}]}}